{"id":4485,"date":"2023-06-12T16:05:20","date_gmt":"2023-06-12T14:05:20","guid":{"rendered":"https:\/\/www.infovins.fr\/zadni-etiketa-vina-vyzivove-udaje-a-qr-kod\/"},"modified":"2025-05-22T18:45:23","modified_gmt":"2025-05-22T16:45:23","slug":"ukazkova-stranka","status":"publish","type":"page","link":"https:\/\/www.infovins.fr\/cs\/","title":{"rendered":"Zadn\u00ed etiketa v\u00edna: v\u00fd\u017eivov\u00e9 \u00fadaje a QR k\u00f3d"},"content":{"rendered":"\n<p>Zadejte v\u00fd\u017eivov\u00e9 \u00fadaje a seznam slo\u017eek a alergen\u016f pro zadn\u00ed etikety v\u00edna a pot\u00e9 na\u010dt\u011bte k\u00f3d CR pro tisk.<\/p>\n","protected":false},"excerpt":{"rendered":"<p>Zadejte v\u00fd\u017eivov\u00e9 \u00fadaje a slo\u017een\u00ed v\u00edn\/spirit\u016f\/piv pro zadn\u00ed etikety a pot\u00e9 na\u010dt\u011bte k\u00f3d CR pro tisk.<\/p>\n","protected":false},"author":1,"featured_media":2762,"parent":0,"menu_order":0,"comment_status":"closed","ping_status":"closed","template":"","meta":{"_seopress_robots_primary_cat":"","_seopress_titles_title":"Gener\u00e1tor v\u00fd\u017eivov\u00fdch \u00fadaj\u016f a QR k\u00f3d\u016f pro v\u00edno","_seopress_titles_desc":"Zadejte v\u00fd\u017eivov\u00e9 \u00fadaje a slo\u017een\u00ed v\u00edn\/spirit\u016f\/piv pro zadn\u00ed etikety a pot\u00e9 na\u010dt\u011bte k\u00f3d CR pro tisk.","_seopress_robots_index":"","footnotes":""},"class_list":["post-4485","page","type-page","status-publish","has-post-thumbnail"],"meta_box":[],"_links":{"self":[{"href":"https:\/\/www.infovins.fr\/cs\/wp-json\/wp\/v2\/pages\/4485","targetHints":{"allow":["GET"]}}],"collection":[{"href":"https:\/\/www.infovins.fr\/cs\/wp-json\/wp\/v2\/pages"}],"about":[{"href":"https:\/\/www.infovins.fr\/cs\/wp-json\/wp\/v2\/types\/page"}],"author":[{"embeddable":true,"href":"https:\/\/www.infovins.fr\/cs\/wp-json\/wp\/v2\/users\/1"}],"replies":[{"embeddable":true,"href":"https:\/\/www.infovins.fr\/cs\/wp-json\/wp\/v2\/comments?post=4485"}],"version-history":[{"count":1,"href":"https:\/\/www.infovins.fr\/cs\/wp-json\/wp\/v2\/pages\/4485\/revisions"}],"predecessor-version":[{"id":9701,"href":"https:\/\/www.infovins.fr\/cs\/wp-json\/wp\/v2\/pages\/4485\/revisions\/9701"}],"wp:featuredmedia":[{"embeddable":true,"href":"https:\/\/www.infovins.fr\/cs\/wp-json\/wp\/v2\/media\/2762"}],"wp:attachment":[{"href":"https:\/\/www.infovins.fr\/cs\/wp-json\/wp\/v2\/media?parent=4485"}],"curies":[{"name":"wp","href":"https:\/\/api.w.org\/{rel}","templated":true}]}}