{"id":4956,"date":"2023-08-10T15:56:20","date_gmt":"2023-08-10T13:56:20","guid":{"rendered":"https:\/\/www.infovins.fr\/qr-code\/rocni-predplatne-infovins\/"},"modified":"2025-11-07T10:15:10","modified_gmt":"2025-11-07T09:15:10","slug":"abonnement","status":"publish","type":"product","link":"https:\/\/www.infovins.fr\/cs\/qr-code\/abonnement\/","title":{"rendered":"Ro\u010dn\u00ed p\u0159edplatn\u00e9 Infovins"},"content":{"rendered":"<div class=\"brxe-hcwbym brxe-text margin-top--s\">\n<p>Vytv\u00e1\u0159ejte k\u00f3dy QR na n\u011bkolik kliknut\u00ed.<br \/>\n<em>P\u0159idejte v\u0161echny sv\u00e9 \u0161ar\u017ee, ro\u010dn\u00edky, cuv\u00e9e&#8230;<\/em><\/p>\n<ul>\n<li>Neomezen\u00fd po\u010det QR k\u00f3d\u016f<\/li>\n<li>Slo\u017een\u00ed<\/li>\n<li>Prohl\u00e1\u0161en\u00ed o v\u00fd\u017eiv\u011b<\/li>\n<li>Nutriscore<\/li>\n<li>Export HD QR k\u00f3du v png<\/li>\n<\/ul>\n<p>Vytvo\u0159eno v Montpellier v regionu Occitanie<\/p>\n<ul>\n<li>Hostov\u00e1n\u00ed ve Francii<\/li>\n<li>\u017d\u00e1dn\u00fd z\u00e1vazek<\/li>\n<li>Zabezpe\u010den\u00ed dat<\/li>\n<li>Soulad s na\u0159\u00edzen\u00edm EU 2021\/2117<\/li>\n<\/ul>\n<\/div>\n","protected":false},"excerpt":{"rendered":"<div class=\"brxe-hcwbym brxe-text margin-top--s\">\n<p>Vytv\u00e1\u0159ejte k\u00f3dy QR na n\u011bkolik kliknut\u00ed.<br \/>\n<em>P\u0159idejte v\u0161echny sv\u00e9 \u0161ar\u017ee, ro\u010dn\u00edky, cuv\u00e9e&#8230;<\/em><\/p>\n<ul>\n<li>Neomezen\u00fd po\u010det QR k\u00f3d\u016f<\/li>\n<li>Slo\u017een\u00ed<\/li>\n<li>Prohl\u00e1\u0161en\u00ed o v\u00fd\u017eiv\u011b<\/li>\n<li>Nutriscore<\/li>\n<li>Export HD QR k\u00f3du v png<\/li>\n<\/ul>\n<p>Vytvo\u0159eno v Montpellier v regionu Occitanie<\/p>\n<ul>\n<li>Hostov\u00e1n\u00ed ve Francii<\/li>\n<li>\u017d\u00e1dn\u00fd z\u00e1vazek<\/li>\n<li>Zabezpe\u010den\u00ed dat<\/li>\n<li>Soulad s na\u0159\u00edzen\u00edm EU 2021\/2117<\/li>\n<\/ul>\n<\/div>\n","protected":false},"featured_media":2808,"template":"","meta":{"_seopress_robots_primary_cat":"none","_seopress_titles_title":"N\u00e1stroj pro generov\u00e1n\u00ed QR k\u00f3d\u016f a informa\u010dn\u00edch list\u016f o v\u00fd\u017eivov\u00fdch hodnot\u00e1ch","_seopress_titles_desc":"Ro\u010dn\u00ed p\u0159edplatn\u00e9 Infovins, n\u00e1stroje pro generov\u00e1n\u00ed QR k\u00f3d\u016f, nutri\u010dn\u00edch text\u016f a informa\u010dn\u00edch list\u016f o v\u00fd\u017eivov\u00fdch hodnot\u00e1ch v\u00edna a lihovin s neomezen\u00fdm po\u010dtem odkaz\u016f.","_seopress_robots_index":""},"product_brand":[],"product_cat":[149],"product_tag":[],"class_list":{"0":"post-4956","1":"product","2":"type-product","3":"status-publish","4":"has-post-thumbnail","6":"product_cat-sluzby-cs","8":"first","9":"instock","10":"virtual","11":"sold-individually","12":"taxable","13":"purchasable","14":"product-type-subscription"},"meta_box":[],"_links":{"self":[{"href":"https:\/\/www.infovins.fr\/cs\/wp-json\/wp\/v2\/product\/4956","targetHints":{"allow":["GET"]}}],"collection":[{"href":"https:\/\/www.infovins.fr\/cs\/wp-json\/wp\/v2\/product"}],"about":[{"href":"https:\/\/www.infovins.fr\/cs\/wp-json\/wp\/v2\/types\/product"}],"wp:featuredmedia":[{"embeddable":true,"href":"https:\/\/www.infovins.fr\/cs\/wp-json\/wp\/v2\/media\/2808"}],"wp:attachment":[{"href":"https:\/\/www.infovins.fr\/cs\/wp-json\/wp\/v2\/media?parent=4956"}],"wp:term":[{"taxonomy":"product_brand","embeddable":true,"href":"https:\/\/www.infovins.fr\/cs\/wp-json\/wp\/v2\/product_brand?post=4956"},{"taxonomy":"product_cat","embeddable":true,"href":"https:\/\/www.infovins.fr\/cs\/wp-json\/wp\/v2\/product_cat?post=4956"},{"taxonomy":"product_tag","embeddable":true,"href":"https:\/\/www.infovins.fr\/cs\/wp-json\/wp\/v2\/product_tag?post=4956"}],"curies":[{"name":"wp","href":"https:\/\/api.w.org\/{rel}","templated":true}]}}