{"id":4954,"date":"2023-08-10T15:56:20","date_gmt":"2023-08-10T13:56:20","guid":{"rendered":"https:\/\/www.infovins.fr\/qr-code\/1-aars-abonnement-paa-infovins\/"},"modified":"2025-11-07T10:15:14","modified_gmt":"2025-11-07T09:15:14","slug":"abonnement","status":"publish","type":"product","link":"https:\/\/www.infovins.fr\/da\/qr-code\/abonnement\/","title":{"rendered":"1 \u00e5rs abonnement p\u00e5 Infovins"},"content":{"rendered":"<div class=\"brxe-hcwbym brxe-text margin-top--s\">\n<p>Opret dine QR-koder med f\u00e5 klik<br \/>\n<em>Tilf\u00f8j alle dine partier, \u00e5rgange, cuv\u00e9er&#8230;<\/em><\/p>\n<ul>\n<li>Ubegr\u00e6nset antal QR-koder<\/li>\n<li>Ingredienser<\/li>\n<li>N\u00e6ringsdeklaration<\/li>\n<li>Nutriscore<\/li>\n<li>Eksport af HD QR-koder i png<\/li>\n<\/ul>\n<p>Skabt i Montpellier, i Occitanie-regionen<\/p>\n<ul>\n<li>V\u00e6rt i Frankrig<\/li>\n<li>Ingen forpligtelse<\/li>\n<li>Sikre data<\/li>\n<li>Overholdelse af EU-forordning 2021\/2117<\/li>\n<\/ul>\n<\/div>\n","protected":false},"excerpt":{"rendered":"<div class=\"brxe-hcwbym brxe-text margin-top--s\">\n<p>Opret dine QR-koder med f\u00e5 klik<br \/>\n<em>Tilf\u00f8j alle dine partier, \u00e5rgange, cuv\u00e9er&#8230;<\/em><\/p>\n<ul>\n<li>Ubegr\u00e6nset antal QR-koder<\/li>\n<li>Ingredienser<\/li>\n<li>N\u00e6ringsdeklaration<\/li>\n<li>Nutriscore<\/li>\n<li>Eksport af HD QR-koder i png<\/li>\n<\/ul>\n<p>Skabt i Montpellier, i Occitanie-regionen<\/p>\n<ul>\n<li>V\u00e6rt i Frankrig<\/li>\n<li>Ingen forpligtelse<\/li>\n<li>Sikre data<\/li>\n<li>Overholdelse af EU-forordning 2021\/2117<\/li>\n<\/ul>\n<\/div>\n","protected":false},"featured_media":2809,"template":"","meta":{"_seopress_robots_primary_cat":"none","_seopress_titles_title":"V\u00e6rkt\u00f8j til at generere QR-koder og ern\u00e6ringsm\u00e6ssige faktablade","_seopress_titles_desc":"\u00c5rsabonnement p\u00e5 Infovins, et v\u00e6rkt\u00f8j til at generere QR-koder, nutriscores og ern\u00e6ringsm\u00e6ssige faktaark for vin og spiritus, med et ubegr\u00e6nset antal referencer.","_seopress_robots_index":""},"product_brand":[],"product_cat":[147],"product_tag":[],"class_list":{"0":"post-4954","1":"product","2":"type-product","3":"status-publish","4":"has-post-thumbnail","6":"product_cat-tjenester","8":"first","9":"instock","10":"virtual","11":"sold-individually","12":"taxable","13":"purchasable","14":"product-type-subscription"},"meta_box":[],"_links":{"self":[{"href":"https:\/\/www.infovins.fr\/da\/wp-json\/wp\/v2\/product\/4954","targetHints":{"allow":["GET"]}}],"collection":[{"href":"https:\/\/www.infovins.fr\/da\/wp-json\/wp\/v2\/product"}],"about":[{"href":"https:\/\/www.infovins.fr\/da\/wp-json\/wp\/v2\/types\/product"}],"wp:featuredmedia":[{"embeddable":true,"href":"https:\/\/www.infovins.fr\/da\/wp-json\/wp\/v2\/media\/2809"}],"wp:attachment":[{"href":"https:\/\/www.infovins.fr\/da\/wp-json\/wp\/v2\/media?parent=4954"}],"wp:term":[{"taxonomy":"product_brand","embeddable":true,"href":"https:\/\/www.infovins.fr\/da\/wp-json\/wp\/v2\/product_brand?post=4954"},{"taxonomy":"product_cat","embeddable":true,"href":"https:\/\/www.infovins.fr\/da\/wp-json\/wp\/v2\/product_cat?post=4954"},{"taxonomy":"product_tag","embeddable":true,"href":"https:\/\/www.infovins.fr\/da\/wp-json\/wp\/v2\/product_tag?post=4954"}],"curies":[{"name":"wp","href":"https:\/\/api.w.org\/{rel}","templated":true}]}}