{"id":4592,"date":"2023-06-12T16:05:20","date_gmt":"2023-06-12T14:05:20","guid":{"rendered":"https:\/\/www.infovins.fr\/contraetiqueta-del-vino-declaracion-nutricional-y-codigo-qr\/"},"modified":"2025-05-22T18:45:23","modified_gmt":"2025-05-22T16:45:23","slug":"pagina-de-muestra","status":"publish","type":"page","link":"https:\/\/www.infovins.fr\/es\/","title":{"rendered":"Contraetiqueta del vino: declaraci\u00f3n nutricional y c\u00f3digo QR"},"content":{"rendered":"\n<p>Introduce tu informaci\u00f3n nutricional y tu lista de ingredientes y al\u00e9rgenos para tus contraetiquetas de vino, y luego recupera el C\u00f3digo CR para imprimir.<\/p>\n","protected":false},"excerpt":{"rendered":"<p>Introduce la informaci\u00f3n nutricional y la composici\u00f3n de tus vinos\/espirituosos\/cervezas para tus contraetiquetas, y luego recupera el C\u00f3digo CR para imprimirlo.<\/p>\n","protected":false},"author":1,"featured_media":2781,"parent":0,"menu_order":0,"comment_status":"closed","ping_status":"closed","template":"","meta":{"_seopress_robots_primary_cat":"","_seopress_titles_title":"Declaraci\u00f3n nutricional y generador de c\u00f3digos QR para el vino","_seopress_titles_desc":"Introduce la informaci\u00f3n nutricional y la composici\u00f3n de tus vinos\/espirituosos\/cervezas para tus contraetiquetas, y luego recupera el C\u00f3digo CR para imprimirlo.","_seopress_robots_index":"","footnotes":""},"class_list":["post-4592","page","type-page","status-publish","has-post-thumbnail"],"meta_box":[],"_links":{"self":[{"href":"https:\/\/www.infovins.fr\/es\/wp-json\/wp\/v2\/pages\/4592","targetHints":{"allow":["GET"]}}],"collection":[{"href":"https:\/\/www.infovins.fr\/es\/wp-json\/wp\/v2\/pages"}],"about":[{"href":"https:\/\/www.infovins.fr\/es\/wp-json\/wp\/v2\/types\/page"}],"author":[{"embeddable":true,"href":"https:\/\/www.infovins.fr\/es\/wp-json\/wp\/v2\/users\/1"}],"replies":[{"embeddable":true,"href":"https:\/\/www.infovins.fr\/es\/wp-json\/wp\/v2\/comments?post=4592"}],"version-history":[{"count":1,"href":"https:\/\/www.infovins.fr\/es\/wp-json\/wp\/v2\/pages\/4592\/revisions"}],"predecessor-version":[{"id":9723,"href":"https:\/\/www.infovins.fr\/es\/wp-json\/wp\/v2\/pages\/4592\/revisions\/9723"}],"wp:featuredmedia":[{"embeddable":true,"href":"https:\/\/www.infovins.fr\/es\/wp-json\/wp\/v2\/media\/2781"}],"wp:attachment":[{"href":"https:\/\/www.infovins.fr\/es\/wp-json\/wp\/v2\/media?parent=4592"}],"curies":[{"name":"wp","href":"https:\/\/api.w.org\/{rel}","templated":true}]}}