{"id":4588,"date":"2023-06-12T16:05:20","date_gmt":"2023-06-12T14:05:20","guid":{"rendered":"https:\/\/www.infovins.fr\/veini-tagumine-etikett-toitumisalane-deklaratsioon-ja-qr-kood\/"},"modified":"2025-05-22T18:45:23","modified_gmt":"2025-05-22T16:45:23","slug":"proovileht","status":"publish","type":"page","link":"https:\/\/www.infovins.fr\/et\/","title":{"rendered":"Veini tagumine etikett: toitumisalane deklaratsioon ja QR-kood"},"content":{"rendered":"\n<p>Sisestage oma toitumisalane teave ning koostisosade ja allergeenide loetelu oma veinitaguste etikettide jaoks, seej\u00e4rel otsige v\u00e4lja CR-kood, et seda v\u00e4lja printida.<\/p>\n","protected":false},"excerpt":{"rendered":"<p>Sisestage oma toitumisalane teave ja veinide\/piirituste\/\u00f5llede koostis oma tagumiste etikettide jaoks, seej\u00e4rel otsige v\u00e4lja CR-kood printimiseks.<\/p>\n","protected":false},"author":1,"featured_media":2766,"parent":0,"menu_order":0,"comment_status":"closed","ping_status":"closed","template":"","meta":{"_seopress_robots_primary_cat":"","_seopress_titles_title":"Toitumisalane deklaratsioon & QR-koodi generaator veini jaoks","_seopress_titles_desc":"Sisestage oma toitumisalane teave ja veinide\/piirituste\/\u00f5llede koostis oma tagumiste etikettide jaoks, seej\u00e4rel otsige v\u00e4lja CR-kood printimiseks.","_seopress_robots_index":"","footnotes":""},"class_list":["post-4588","page","type-page","status-publish","has-post-thumbnail"],"meta_box":[],"_links":{"self":[{"href":"https:\/\/www.infovins.fr\/et\/wp-json\/wp\/v2\/pages\/4588","targetHints":{"allow":["GET"]}}],"collection":[{"href":"https:\/\/www.infovins.fr\/et\/wp-json\/wp\/v2\/pages"}],"about":[{"href":"https:\/\/www.infovins.fr\/et\/wp-json\/wp\/v2\/types\/page"}],"author":[{"embeddable":true,"href":"https:\/\/www.infovins.fr\/et\/wp-json\/wp\/v2\/users\/1"}],"replies":[{"embeddable":true,"href":"https:\/\/www.infovins.fr\/et\/wp-json\/wp\/v2\/comments?post=4588"}],"version-history":[{"count":1,"href":"https:\/\/www.infovins.fr\/et\/wp-json\/wp\/v2\/pages\/4588\/revisions"}],"predecessor-version":[{"id":9705,"href":"https:\/\/www.infovins.fr\/et\/wp-json\/wp\/v2\/pages\/4588\/revisions\/9705"}],"wp:featuredmedia":[{"embeddable":true,"href":"https:\/\/www.infovins.fr\/et\/wp-json\/wp\/v2\/media\/2766"}],"wp:attachment":[{"href":"https:\/\/www.infovins.fr\/et\/wp-json\/wp\/v2\/media?parent=4588"}],"curies":[{"name":"wp","href":"https:\/\/api.w.org\/{rel}","templated":true}]}}