{"id":4584,"date":"2023-06-12T16:05:20","date_gmt":"2023-06-12T14:05:20","guid":{"rendered":"https:\/\/www.infovins.fr\/viinin-selkaetiketti-ravintoarvoilmoitus-ja-qr-koodi\/"},"modified":"2025-05-22T18:45:23","modified_gmt":"2025-05-22T16:45:23","slug":"nayte-sivu","status":"publish","type":"page","link":"https:\/\/www.infovins.fr\/fi\/","title":{"rendered":"Viinin selk\u00e4etiketti: ravintoarvoilmoitus ja QR-koodi"},"content":{"rendered":"\n<p>Sy\u00f6t\u00e4 ravintosis\u00e4lt\u00f6tiedot sek\u00e4 ainesosaluettelo ja allergeenit viinin selk\u00e4etikettej\u00e4si varten ja hae sitten CR-koodi tulostusta varten.<\/p>\n","protected":false},"excerpt":{"rendered":"<p>Sy\u00f6t\u00e4 ravitsemustiedot ja viinien\/alkoholien\/oluiden koostumus selk\u00e4etikettej\u00e4 varten ja hae sitten CR-koodi tulostusta varten.<\/p>\n","protected":false},"author":1,"featured_media":2767,"parent":0,"menu_order":0,"comment_status":"closed","ping_status":"closed","template":"","meta":{"_seopress_robots_primary_cat":"","_seopress_titles_title":"Ravintoarvoilmoitus & QR-koodigeneraattori viinille","_seopress_titles_desc":"Sy\u00f6t\u00e4 ravitsemustiedot ja viinien\/alkoholien\/oluiden koostumus selk\u00e4etikettej\u00e4 varten ja hae sitten CR-koodi tulostusta varten.","_seopress_robots_index":"","footnotes":""},"class_list":["post-4584","page","type-page","status-publish","has-post-thumbnail"],"meta_box":[],"_links":{"self":[{"href":"https:\/\/www.infovins.fr\/fi\/wp-json\/wp\/v2\/pages\/4584","targetHints":{"allow":["GET"]}}],"collection":[{"href":"https:\/\/www.infovins.fr\/fi\/wp-json\/wp\/v2\/pages"}],"about":[{"href":"https:\/\/www.infovins.fr\/fi\/wp-json\/wp\/v2\/types\/page"}],"author":[{"embeddable":true,"href":"https:\/\/www.infovins.fr\/fi\/wp-json\/wp\/v2\/users\/1"}],"replies":[{"embeddable":true,"href":"https:\/\/www.infovins.fr\/fi\/wp-json\/wp\/v2\/comments?post=4584"}],"version-history":[{"count":1,"href":"https:\/\/www.infovins.fr\/fi\/wp-json\/wp\/v2\/pages\/4584\/revisions"}],"predecessor-version":[{"id":9733,"href":"https:\/\/www.infovins.fr\/fi\/wp-json\/wp\/v2\/pages\/4584\/revisions\/9733"}],"wp:featuredmedia":[{"embeddable":true,"href":"https:\/\/www.infovins.fr\/fi\/wp-json\/wp\/v2\/media\/2767"}],"wp:attachment":[{"href":"https:\/\/www.infovins.fr\/fi\/wp-json\/wp\/v2\/media?parent=4584"}],"curies":[{"name":"wp","href":"https:\/\/api.w.org\/{rel}","templated":true}]}}