{"id":4580,"date":"2023-06-12T16:05:20","date_gmt":"2023-06-12T14:05:20","guid":{"rendered":"https:\/\/www.infovins.fr\/bor-hatcimke-taperteknyilatkozat-es-qr-kod\/"},"modified":"2025-05-22T18:45:28","modified_gmt":"2025-05-22T16:45:28","slug":"mintaoldal","status":"publish","type":"page","link":"https:\/\/www.infovins.fr\/hu\/","title":{"rendered":"Bor h\u00e1tc\u00edmke: t\u00e1p\u00e9rt\u00e9knyilatkozat \u00e9s QR-k\u00f3d"},"content":{"rendered":"\n<p>Adja meg a t\u00e1p\u00e9rt\u00e9kadatokat, valamint az \u00f6sszetev\u0151k \u00e9s allerg\u00e9nek list\u00e1j\u00e1t a boros h\u00e1tc\u00edmk\u00e9khez, majd k\u00e9rje le a CR-k\u00f3dot a nyomtat\u00e1shoz.<\/p>\n","protected":false},"excerpt":{"rendered":"<p>Adja meg a t\u00e1p\u00e9rt\u00e9kadatokat \u00e9s a borok\/p\u00e1rlatok\/s\u00f6r\u00f6k \u00f6sszet\u00e9tel\u00e9t a h\u00e1ts\u00f3 c\u00edmk\u00e9khez, majd k\u00e9rje le a CR-k\u00f3dot a nyomtat\u00e1shoz.<\/p>\n","protected":false},"author":1,"featured_media":2770,"parent":0,"menu_order":0,"comment_status":"closed","ping_status":"closed","template":"","meta":{"_seopress_robots_primary_cat":"","_seopress_titles_title":"T\u00e1pl\u00e1lkoz\u00e1si nyilatkozat \u00e9s QR k\u00f3d gener\u00e1tor borhoz","_seopress_titles_desc":"Adja meg a t\u00e1p\u00e9rt\u00e9kadatokat \u00e9s a borok\/p\u00e1rlatok\/s\u00f6r\u00f6k \u00f6sszet\u00e9tel\u00e9t a h\u00e1ts\u00f3 c\u00edmk\u00e9khez, majd k\u00e9rje le a CR-k\u00f3dot a nyomtat\u00e1shoz.","_seopress_robots_index":"","footnotes":""},"class_list":["post-4580","page","type-page","status-publish","has-post-thumbnail"],"meta_box":[],"_links":{"self":[{"href":"https:\/\/www.infovins.fr\/hu\/wp-json\/wp\/v2\/pages\/4580","targetHints":{"allow":["GET"]}}],"collection":[{"href":"https:\/\/www.infovins.fr\/hu\/wp-json\/wp\/v2\/pages"}],"about":[{"href":"https:\/\/www.infovins.fr\/hu\/wp-json\/wp\/v2\/types\/page"}],"author":[{"embeddable":true,"href":"https:\/\/www.infovins.fr\/hu\/wp-json\/wp\/v2\/users\/1"}],"replies":[{"embeddable":true,"href":"https:\/\/www.infovins.fr\/hu\/wp-json\/wp\/v2\/comments?post=4580"}],"version-history":[{"count":1,"href":"https:\/\/www.infovins.fr\/hu\/wp-json\/wp\/v2\/pages\/4580\/revisions"}],"predecessor-version":[{"id":9726,"href":"https:\/\/www.infovins.fr\/hu\/wp-json\/wp\/v2\/pages\/4580\/revisions\/9726"}],"wp:featuredmedia":[{"embeddable":true,"href":"https:\/\/www.infovins.fr\/hu\/wp-json\/wp\/v2\/media\/2770"}],"wp:attachment":[{"href":"https:\/\/www.infovins.fr\/hu\/wp-json\/wp\/v2\/media?parent=4580"}],"curies":[{"name":"wp","href":"https:\/\/api.w.org\/{rel}","templated":true}]}}