{"id":4651,"date":"2023-12-05T14:33:39","date_gmt":"2023-12-05T13:33:39","guid":{"rendered":"https:\/\/www.infovins.fr\/qr-kod-es-nutriscore-megoldasok\/"},"modified":"2023-12-05T14:33:39","modified_gmt":"2023-12-05T13:33:39","slug":"qr-kod-es-nutriscore-megoldasok","status":"publish","type":"page","link":"https:\/\/www.infovins.fr\/hu\/qr-kod-es-nutriscore-megoldasok\/","title":{"rendered":"QR-k\u00f3d \u00e9s Nutriscore megold\u00e1sok"},"content":{"rendered":"","protected":false},"excerpt":{"rendered":"","protected":false},"author":1,"featured_media":2770,"parent":0,"menu_order":0,"comment_status":"closed","ping_status":"closed","template":"","meta":{"_seopress_robots_primary_cat":"","_seopress_titles_title":"","_seopress_titles_desc":"","_seopress_robots_index":"","footnotes":""},"class_list":["post-4651","page","type-page","status-publish","has-post-thumbnail"],"meta_box":[],"_links":{"self":[{"href":"https:\/\/www.infovins.fr\/hu\/wp-json\/wp\/v2\/pages\/4651","targetHints":{"allow":["GET"]}}],"collection":[{"href":"https:\/\/www.infovins.fr\/hu\/wp-json\/wp\/v2\/pages"}],"about":[{"href":"https:\/\/www.infovins.fr\/hu\/wp-json\/wp\/v2\/types\/page"}],"author":[{"embeddable":true,"href":"https:\/\/www.infovins.fr\/hu\/wp-json\/wp\/v2\/users\/1"}],"replies":[{"embeddable":true,"href":"https:\/\/www.infovins.fr\/hu\/wp-json\/wp\/v2\/comments?post=4651"}],"version-history":[{"count":0,"href":"https:\/\/www.infovins.fr\/hu\/wp-json\/wp\/v2\/pages\/4651\/revisions"}],"wp:featuredmedia":[{"embeddable":true,"href":"https:\/\/www.infovins.fr\/hu\/wp-json\/wp\/v2\/media\/2770"}],"wp:attachment":[{"href":"https:\/\/www.infovins.fr\/hu\/wp-json\/wp\/v2\/media?parent=4651"}],"curies":[{"name":"wp","href":"https:\/\/api.w.org\/{rel}","templated":true}]}}