{"id":4591,"date":"2023-06-12T16:05:20","date_gmt":"2023-06-12T14:05:20","guid":{"rendered":"https:\/\/www.infovins.fr\/vina-aizmugureja-etikete-uzturvertibas-deklaracija-un-qr-kods\/"},"modified":"2025-05-22T18:45:28","modified_gmt":"2025-05-22T16:45:28","slug":"parauga-lapa","status":"publish","type":"page","link":"https:\/\/www.infovins.fr\/lv\/","title":{"rendered":"V\u012bna aizmugur\u0113j\u0101 eti\u0137ete: uzturv\u0113rt\u012bbas deklar\u0101cija un QR kods"},"content":{"rendered":"\n<p>Ievadiet uzturv\u0113rt\u012bbas inform\u0101ciju un sast\u0101vda\u013cu un alerg\u0113nu sarakstu v\u012bna aizmugures eti\u0137et\u0113m, p\u0113c tam ieg\u016bstiet CR kodu, lai to izdruk\u0101tu.<\/p>\n","protected":false},"excerpt":{"rendered":"<p>Ievadiet inform\u0101ciju par uzturv\u0113rt\u012bbu un savu v\u012bnu, stipro alkoholisko dz\u0113rienu\/alkoholisko dz\u0113rienu\/alvas sast\u0101vu aizmugur\u0113j\u0101m eti\u0137et\u0113m, p\u0113c tam ieg\u016bstiet CR kodu, lai to izdruk\u0101tu.<\/p>\n","protected":false},"author":1,"featured_media":2773,"parent":0,"menu_order":0,"comment_status":"closed","ping_status":"closed","template":"","meta":{"_seopress_robots_primary_cat":"","_seopress_titles_title":"Uzturv\u0113rt\u012bbas deklar\u0101cija un QR kodu \u0123enerators v\u012bnam","_seopress_titles_desc":"Ievadiet inform\u0101ciju par uzturv\u0113rt\u012bbu un savu v\u012bnu, stipro alkoholisko dz\u0113rienu\/alkoholisko dz\u0113rienu\/alvas sast\u0101vu aizmugur\u0113j\u0101m eti\u0137et\u0113m, p\u0113c tam ieg\u016bstiet CR kodu, lai to izdruk\u0101tu.","_seopress_robots_index":"","footnotes":""},"class_list":["post-4591","page","type-page","status-publish","has-post-thumbnail"],"meta_box":[],"_links":{"self":[{"href":"https:\/\/www.infovins.fr\/lv\/wp-json\/wp\/v2\/pages\/4591","targetHints":{"allow":["GET"]}}],"collection":[{"href":"https:\/\/www.infovins.fr\/lv\/wp-json\/wp\/v2\/pages"}],"about":[{"href":"https:\/\/www.infovins.fr\/lv\/wp-json\/wp\/v2\/types\/page"}],"author":[{"embeddable":true,"href":"https:\/\/www.infovins.fr\/lv\/wp-json\/wp\/v2\/users\/1"}],"replies":[{"embeddable":true,"href":"https:\/\/www.infovins.fr\/lv\/wp-json\/wp\/v2\/comments?post=4591"}],"version-history":[{"count":1,"href":"https:\/\/www.infovins.fr\/lv\/wp-json\/wp\/v2\/pages\/4591\/revisions"}],"predecessor-version":[{"id":9730,"href":"https:\/\/www.infovins.fr\/lv\/wp-json\/wp\/v2\/pages\/4591\/revisions\/9730"}],"wp:featuredmedia":[{"embeddable":true,"href":"https:\/\/www.infovins.fr\/lv\/wp-json\/wp\/v2\/media\/2773"}],"wp:attachment":[{"href":"https:\/\/www.infovins.fr\/lv\/wp-json\/wp\/v2\/media?parent=4591"}],"curies":[{"name":"wp","href":"https:\/\/api.w.org\/{rel}","templated":true}]}}