{"id":4939,"date":"2023-08-10T15:56:20","date_gmt":"2023-08-10T13:56:20","guid":{"rendered":"https:\/\/www.infovins.fr\/qr-code\/1-roczna-subskrypcja-infovins\/"},"modified":"2025-11-07T10:15:11","modified_gmt":"2025-11-07T09:15:11","slug":"abonnement","status":"publish","type":"product","link":"https:\/\/www.infovins.fr\/pl\/qr-code\/abonnement\/","title":{"rendered":"1-roczna subskrypcja Infovins"},"content":{"rendered":"<div class=\"brxe-hcwbym brxe-text margin-top--s\">\n<p>Tworzenie kod\u00f3w QR za pomoc\u0105 kilku klikni\u0119\u0107<br \/>\n<em>Dodaj wszystkie swoje partie, roczniki, cuv\u00e9es&#8230;<\/em><\/p>\n<ul>\n<li>Nieograniczone kody QR<\/li>\n<li>Sk\u0142adniki<\/li>\n<li>Deklaracja \u017cywieniowa<\/li>\n<li>Nutriscore<\/li>\n<li>Eksport kodu QR HD w png<\/li>\n<\/ul>\n<p>Stworzony w Montpellier, w regionie Occitanie<\/p>\n<ul>\n<li>Hostowane we Francji<\/li>\n<li>Brak zobowi\u0105za\u0144<\/li>\n<li>Bezpieczne dane<\/li>\n<li>Zgodno\u015b\u0107 z rozporz\u0105dzeniem UE 2021\/2117<\/li>\n<\/ul>\n<\/div>\n","protected":false},"excerpt":{"rendered":"<div class=\"brxe-hcwbym brxe-text margin-top--s\">\n<p>Tworzenie kod\u00f3w QR za pomoc\u0105 kilku klikni\u0119\u0107<br \/>\n<em>Dodaj wszystkie swoje partie, roczniki, cuv\u00e9es&#8230;<\/em><\/p>\n<ul>\n<li>Nieograniczone kody QR<\/li>\n<li>Sk\u0142adniki<\/li>\n<li>Deklaracja \u017cywieniowa<\/li>\n<li>Nutriscore<\/li>\n<li>Eksport kodu QR HD w png<\/li>\n<\/ul>\n<p>Stworzony w Montpellier, w regionie Occitanie<\/p>\n<ul>\n<li>Hostowane we Francji<\/li>\n<li>Brak zobowi\u0105za\u0144<\/li>\n<li>Bezpieczne dane<\/li>\n<li>Zgodno\u015b\u0107 z rozporz\u0105dzeniem UE 2021\/2117<\/li>\n<\/ul>\n<\/div>\n","protected":false},"featured_media":2822,"template":"","meta":{"_seopress_robots_primary_cat":"none","_seopress_titles_title":"Narz\u0119dzie do generowania kod\u00f3w QR i arkuszy z informacjami o warto\u015bciach od\u017cywczych","_seopress_titles_desc":"Roczna subskrypcja Infovins, narz\u0119dzia do generowania kod\u00f3w QR, nutriscores i kart warto\u015bci od\u017cywczych dla wina i napoj\u00f3w spirytusowych, z nieograniczon\u0105 liczb\u0105 referencji.","_seopress_robots_index":""},"product_brand":[],"product_cat":[136],"product_tag":[],"class_list":{"0":"post-4939","1":"product","2":"type-product","3":"status-publish","4":"has-post-thumbnail","6":"product_cat-bez-kategorii","8":"first","9":"instock","10":"virtual","11":"sold-individually","12":"taxable","13":"purchasable","14":"product-type-subscription"},"meta_box":[],"_links":{"self":[{"href":"https:\/\/www.infovins.fr\/pl\/wp-json\/wp\/v2\/product\/4939","targetHints":{"allow":["GET"]}}],"collection":[{"href":"https:\/\/www.infovins.fr\/pl\/wp-json\/wp\/v2\/product"}],"about":[{"href":"https:\/\/www.infovins.fr\/pl\/wp-json\/wp\/v2\/types\/product"}],"wp:featuredmedia":[{"embeddable":true,"href":"https:\/\/www.infovins.fr\/pl\/wp-json\/wp\/v2\/media\/2822"}],"wp:attachment":[{"href":"https:\/\/www.infovins.fr\/pl\/wp-json\/wp\/v2\/media?parent=4939"}],"wp:term":[{"taxonomy":"product_brand","embeddable":true,"href":"https:\/\/www.infovins.fr\/pl\/wp-json\/wp\/v2\/product_brand?post=4939"},{"taxonomy":"product_cat","embeddable":true,"href":"https:\/\/www.infovins.fr\/pl\/wp-json\/wp\/v2\/product_cat?post=4939"},{"taxonomy":"product_tag","embeddable":true,"href":"https:\/\/www.infovins.fr\/pl\/wp-json\/wp\/v2\/product_tag?post=4939"}],"curies":[{"name":"wp","href":"https:\/\/api.w.org\/{rel}","templated":true}]}}