{"id":4579,"date":"2023-06-12T16:05:20","date_gmt":"2023-06-12T14:05:20","guid":{"rendered":"https:\/\/www.infovins.fr\/contra-rotulo-do-vinho-declaracao-nutricional-e-codigo-qr\/"},"modified":"2025-05-22T18:45:33","modified_gmt":"2025-05-22T16:45:33","slug":"pagina-de-amostra","status":"publish","type":"page","link":"https:\/\/www.infovins.fr\/pt-pt\/","title":{"rendered":"Contra-r\u00f3tulo do vinho: declara\u00e7\u00e3o nutricional e c\u00f3digo QR"},"content":{"rendered":"\n<p>Introduza as suas informa\u00e7\u00f5es nutricionais e a sua lista de ingredientes e alerg\u00e9nios para as suas etiquetas de verso de vinho e, em seguida, recupere o C\u00f3digo CR para imprimir.<\/p>\n","protected":false},"excerpt":{"rendered":"<p>Introduza as suas informa\u00e7\u00f5es nutricionais e a composi\u00e7\u00e3o dos seus vinhos\/esp\u00edritos\/cervejas para os seus contra-r\u00f3tulos e, em seguida, obtenha o c\u00f3digo CR para imprimir.<\/p>\n","protected":false},"author":1,"featured_media":2777,"parent":0,"menu_order":0,"comment_status":"closed","ping_status":"closed","template":"","meta":{"_seopress_robots_primary_cat":"","_seopress_titles_title":"Declara\u00e7\u00e3o nutricional e gerador de c\u00f3digo QR para vinho","_seopress_titles_desc":"Introduza as suas informa\u00e7\u00f5es nutricionais e a composi\u00e7\u00e3o dos seus vinhos\/esp\u00edritos\/cervejas para os seus contra-r\u00f3tulos e, em seguida, obtenha o c\u00f3digo CR para imprimir.","_seopress_robots_index":"","footnotes":""},"class_list":["post-4579","page","type-page","status-publish","has-post-thumbnail"],"meta_box":[],"_links":{"self":[{"href":"https:\/\/www.infovins.fr\/pt-pt\/wp-json\/wp\/v2\/pages\/4579","targetHints":{"allow":["GET"]}}],"collection":[{"href":"https:\/\/www.infovins.fr\/pt-pt\/wp-json\/wp\/v2\/pages"}],"about":[{"href":"https:\/\/www.infovins.fr\/pt-pt\/wp-json\/wp\/v2\/types\/page"}],"author":[{"embeddable":true,"href":"https:\/\/www.infovins.fr\/pt-pt\/wp-json\/wp\/v2\/users\/1"}],"replies":[{"embeddable":true,"href":"https:\/\/www.infovins.fr\/pt-pt\/wp-json\/wp\/v2\/comments?post=4579"}],"version-history":[{"count":1,"href":"https:\/\/www.infovins.fr\/pt-pt\/wp-json\/wp\/v2\/pages\/4579\/revisions"}],"predecessor-version":[{"id":9724,"href":"https:\/\/www.infovins.fr\/pt-pt\/wp-json\/wp\/v2\/pages\/4579\/revisions\/9724"}],"wp:featuredmedia":[{"embeddable":true,"href":"https:\/\/www.infovins.fr\/pt-pt\/wp-json\/wp\/v2\/media\/2777"}],"wp:attachment":[{"href":"https:\/\/www.infovins.fr\/pt-pt\/wp-json\/wp\/v2\/media?parent=4579"}],"curies":[{"name":"wp","href":"https:\/\/api.w.org\/{rel}","templated":true}]}}