{"id":4912,"date":"2023-06-12T16:05:20","date_gmt":"2023-06-12T14:05:20","guid":{"rendered":"https:\/\/www.infovins.fr\/zadna-etiketa-vina-vyzivove-udaje-a-qr-kod\/"},"modified":"2025-05-22T18:45:34","modified_gmt":"2025-05-22T16:45:34","slug":"vzorka-stranka","status":"publish","type":"page","link":"https:\/\/www.infovins.fr\/sk\/","title":{"rendered":"Zadn\u00e1 etiketa v\u00edna: v\u00fd\u017eivov\u00e9 \u00fadaje a QR k\u00f3d"},"content":{"rendered":"\n<p>Zadajte svoje nutri\u010dn\u00e9 inform\u00e1cie a zoznam zlo\u017eiek a alerg\u00e9nov pre etikety na zadnej strane v\u00edna a potom na\u010d\u00edtajte k\u00f3d CR na tla\u010d.<\/p>\n","protected":false},"excerpt":{"rendered":"<p>Zadajte svoje nutri\u010dn\u00e9 inform\u00e1cie a zlo\u017eenie v\u00edn\/spiritov\/p\u00edv pre zadn\u00e9 etikety a potom na\u010d\u00edtajte k\u00f3d CR na tla\u010d.<\/p>\n","protected":false},"author":1,"featured_media":2779,"parent":0,"menu_order":0,"comment_status":"closed","ping_status":"closed","template":"","meta":{"_seopress_robots_primary_cat":"","_seopress_titles_title":"Gener\u00e1tor v\u00fd\u017eivov\u00fdch \u00fadajov a QR k\u00f3dov pre v\u00edno","_seopress_titles_desc":"Zadajte svoje nutri\u010dn\u00e9 inform\u00e1cie a zlo\u017eenie v\u00edn\/spiritov\/p\u00edv pre zadn\u00e9 etikety a potom na\u010d\u00edtajte k\u00f3d CR na tla\u010d.","_seopress_robots_index":"","footnotes":""},"class_list":["post-4912","page","type-page","status-publish","has-post-thumbnail"],"meta_box":[],"_links":{"self":[{"href":"https:\/\/www.infovins.fr\/sk\/wp-json\/wp\/v2\/pages\/4912","targetHints":{"allow":["GET"]}}],"collection":[{"href":"https:\/\/www.infovins.fr\/sk\/wp-json\/wp\/v2\/pages"}],"about":[{"href":"https:\/\/www.infovins.fr\/sk\/wp-json\/wp\/v2\/types\/page"}],"author":[{"embeddable":true,"href":"https:\/\/www.infovins.fr\/sk\/wp-json\/wp\/v2\/users\/1"}],"replies":[{"embeddable":true,"href":"https:\/\/www.infovins.fr\/sk\/wp-json\/wp\/v2\/comments?post=4912"}],"version-history":[{"count":1,"href":"https:\/\/www.infovins.fr\/sk\/wp-json\/wp\/v2\/pages\/4912\/revisions"}],"predecessor-version":[{"id":9720,"href":"https:\/\/www.infovins.fr\/sk\/wp-json\/wp\/v2\/pages\/4912\/revisions\/9720"}],"wp:featuredmedia":[{"embeddable":true,"href":"https:\/\/www.infovins.fr\/sk\/wp-json\/wp\/v2\/media\/2779"}],"wp:attachment":[{"href":"https:\/\/www.infovins.fr\/sk\/wp-json\/wp\/v2\/media?parent=4912"}],"curies":[{"name":"wp","href":"https:\/\/api.w.org\/{rel}","templated":true}]}}