{"id":4809,"date":"2023-12-07T16:47:03","date_gmt":"2023-12-07T15:47:03","guid":{"rendered":"https:\/\/www.infovins.fr\/infovins-fardplan\/"},"modified":"2025-12-05T10:13:54","modified_gmt":"2025-12-05T09:13:54","slug":"vagkarta-infovins-2","status":"publish","type":"page","link":"https:\/\/www.infovins.fr\/sv\/vagkarta-infovins-2\/","title":{"rendered":"Infovins f\u00e4rdplan"},"content":{"rendered":"","protected":false},"excerpt":{"rendered":"","protected":false},"author":1,"featured_media":4047,"parent":0,"menu_order":0,"comment_status":"closed","ping_status":"closed","template":"","meta":{"_seopress_robots_primary_cat":"","_seopress_titles_title":"F\u00e4rdplan: framtida utveckling f\u00f6r Infovins","_seopress_titles_desc":"Lista \u00f6ver framtida utvecklingar f\u00f6r Infovins QR-kodl\u00f6sning f\u00f6r vinbaksetiketter.","_seopress_robots_index":"","footnotes":""},"class_list":["post-4809","page","type-page","status-publish","has-post-thumbnail"],"meta_box":[],"_links":{"self":[{"href":"https:\/\/www.infovins.fr\/sv\/wp-json\/wp\/v2\/pages\/4809","targetHints":{"allow":["GET"]}}],"collection":[{"href":"https:\/\/www.infovins.fr\/sv\/wp-json\/wp\/v2\/pages"}],"about":[{"href":"https:\/\/www.infovins.fr\/sv\/wp-json\/wp\/v2\/types\/page"}],"author":[{"embeddable":true,"href":"https:\/\/www.infovins.fr\/sv\/wp-json\/wp\/v2\/users\/1"}],"replies":[{"embeddable":true,"href":"https:\/\/www.infovins.fr\/sv\/wp-json\/wp\/v2\/comments?post=4809"}],"version-history":[{"count":1,"href":"https:\/\/www.infovins.fr\/sv\/wp-json\/wp\/v2\/pages\/4809\/revisions"}],"predecessor-version":[{"id":15170,"href":"https:\/\/www.infovins.fr\/sv\/wp-json\/wp\/v2\/pages\/4809\/revisions\/15170"}],"wp:featuredmedia":[{"embeddable":true,"href":"https:\/\/www.infovins.fr\/sv\/wp-json\/wp\/v2\/media\/4047"}],"wp:attachment":[{"href":"https:\/\/www.infovins.fr\/sv\/wp-json\/wp\/v2\/media?parent=4809"}],"curies":[{"name":"wp","href":"https:\/\/api.w.org\/{rel}","templated":true}]}}