{"id":4905,"date":"2023-06-12T16:05:20","date_gmt":"2023-06-12T14:05:20","guid":{"rendered":"https:\/\/www.infovins.fr\/vinets-bakre-etikett-naringsvardesdeklaration-och-qr-kod\/"},"modified":"2025-05-22T18:45:35","modified_gmt":"2025-05-22T16:45:35","slug":"prov-sida","status":"publish","type":"page","link":"https:\/\/www.infovins.fr\/sv\/","title":{"rendered":"Vinets bakre etikett: n\u00e4ringsv\u00e4rdesdeklaration och QR-kod"},"content":{"rendered":"\n<p>Ange din n\u00e4ringsinformation och din lista \u00f6ver ingredienser och allergener f\u00f6r dina vinbaksidestexter och h\u00e4mta sedan CR-koden f\u00f6r att skriva ut.<\/p>\n","protected":false},"excerpt":{"rendered":"<p>Ange din n\u00e4ringsinformation och sammans\u00e4ttningen av dina viner\/spritdrycker\/\u00f6l f\u00f6r dina bakre etiketter och h\u00e4mta sedan CR-koden f\u00f6r utskrift.<\/p>\n","protected":false},"author":1,"featured_media":2782,"parent":0,"menu_order":0,"comment_status":"closed","ping_status":"closed","template":"","meta":{"_seopress_robots_primary_cat":"","_seopress_titles_title":"N\u00e4ringsv\u00e4rdesdeklaration & QR-kodgenerator f\u00f6r vin","_seopress_titles_desc":"Ange din n\u00e4ringsinformation och sammans\u00e4ttningen av dina viner\/spritdrycker\/\u00f6l f\u00f6r dina bakre etiketter och h\u00e4mta sedan CR-koden f\u00f6r utskrift.","_seopress_robots_index":"","footnotes":""},"class_list":["post-4905","page","type-page","status-publish","has-post-thumbnail"],"meta_box":[],"_links":{"self":[{"href":"https:\/\/www.infovins.fr\/sv\/wp-json\/wp\/v2\/pages\/4905","targetHints":{"allow":["GET"]}}],"collection":[{"href":"https:\/\/www.infovins.fr\/sv\/wp-json\/wp\/v2\/pages"}],"about":[{"href":"https:\/\/www.infovins.fr\/sv\/wp-json\/wp\/v2\/types\/page"}],"author":[{"embeddable":true,"href":"https:\/\/www.infovins.fr\/sv\/wp-json\/wp\/v2\/users\/1"}],"replies":[{"embeddable":true,"href":"https:\/\/www.infovins.fr\/sv\/wp-json\/wp\/v2\/comments?post=4905"}],"version-history":[{"count":1,"href":"https:\/\/www.infovins.fr\/sv\/wp-json\/wp\/v2\/pages\/4905\/revisions"}],"predecessor-version":[{"id":9721,"href":"https:\/\/www.infovins.fr\/sv\/wp-json\/wp\/v2\/pages\/4905\/revisions\/9721"}],"wp:featuredmedia":[{"embeddable":true,"href":"https:\/\/www.infovins.fr\/sv\/wp-json\/wp\/v2\/media\/2782"}],"wp:attachment":[{"href":"https:\/\/www.infovins.fr\/sv\/wp-json\/wp\/v2\/media?parent=4905"}],"curies":[{"name":"wp","href":"https:\/\/api.w.org\/{rel}","templated":true}]}}